{"id":16984,"date":"2026-01-21T17:11:39","date_gmt":"2026-01-21T16:11:39","guid":{"rendered":"https:\/\/salegiark.com\/politica-de-privacidad\/"},"modified":"2026-02-27T13:55:34","modified_gmt":"2026-02-27T12:55:34","slug":"pribatutasun-politika","status":"publish","type":"page","link":"https:\/\/salegiark.com\/eu\/pribatutasun-politika\/","title":{"rendered":"Pribatutasun politika"},"content":{"rendered":"\t\t<div data-elementor-type=\"wp-page\" data-elementor-id=\"16984\" class=\"elementor elementor-16984 elementor-16744\" data-elementor-post-type=\"page\">\n\t\t\t\t\t\t<section class=\"elementor-section elementor-top-section elementor-element elementor-element-42b5a53 elementor-section-full_width elementor-section-height-default elementor-section-height-default\" data-id=\"42b5a53\" data-element_type=\"section\" data-e-type=\"section\" data-settings=\"{&quot;background_background&quot;:&quot;classic&quot;}\">\n\t\t\t\t\t\t<div class=\"elementor-container elementor-column-gap-default\">\n\t\t\t\t\t<div class=\"elementor-column elementor-col-100 elementor-top-column elementor-element elementor-element-c6c4df7\" data-id=\"c6c4df7\" data-element_type=\"column\" data-e-type=\"column\">\n\t\t\t<div class=\"elementor-widget-wrap elementor-element-populated\">\n\t\t\t\t\t\t<section class=\"elementor-section elementor-inner-section elementor-element elementor-element-29090bb elementor-section-boxed elementor-section-height-default elementor-section-height-default\" data-id=\"29090bb\" data-element_type=\"section\" data-e-type=\"section\">\n\t\t\t\t\t\t<div class=\"elementor-container elementor-column-gap-default\">\n\t\t\t\t\t<div class=\"elementor-column elementor-col-100 elementor-inner-column elementor-element elementor-element-421576c\" data-id=\"421576c\" data-element_type=\"column\" data-e-type=\"column\">\n\t\t\t<div class=\"elementor-widget-wrap elementor-element-populated\">\n\t\t\t\t\t\t<div class=\"elementor-element elementor-element-ac99f8d elementor-widget elementor-widget-text-editor\" data-id=\"ac99f8d\" data-element_type=\"widget\" data-e-type=\"widget\" data-widget_type=\"text-editor.default\">\n\t\t\t\t\t\t\t\t\t<p>SI ES UD. CLIENTE<\/p><p>CL\u00c1USULA PARA EL CONSENTIMIENTO DE RECOGIDA DE DATOS<\/p><p><strong>\u00bfQui\u00e9n es el responsable de sus datos?<\/strong><br \/>De acuerdo con lo establecido por el Reglamento (UE) 2016\/679 del Parlamento Europeo y del Consejo, le informamos que los datos personales aportados ser\u00e1n tratados por BIZKARGI SL con CIF: A31073851 en CALLE JUAN ALBISU 4, Bajo 20302 IRUN GIPUZKOA<\/p><p><strong>\u00bfCon qu\u00e9 finalidad tratamos sus datos personales?<\/strong><br \/>Los datos aportados por usted son necesarios para poder prestarle con todas las garant\u00edas el servicio solicitado, y ser\u00e1n tratados con las siguientes finalidades: gesti\u00f3n de clientes, contable, fiscal y administrativa.<\/p><p><strong>\u00bfPor cu\u00e1nto tiempo conservaremos sus datos?<\/strong><br \/>Los datos personales proporcionados se conservar\u00e1n hasta la finalizaci\u00f3n de la relaci\u00f3n contractual y, posteriormente, durante los plazos legalmente exigidos.<\/p><p><strong>\u00bfCu\u00e1l es la legitimaci\u00f3n para el tratamiento de sus datos?<\/strong><br \/>La base legal para el tratamiento de sus datos es la ejecuci\u00f3n del contrato suscrito con nosotros.<\/p><p><strong>\u00bfA qu\u00e9 destinatarios se comunicar\u00e1n sus datos?<\/strong><br \/>Para cumplir con la finalidad prevista, sus datos podr\u00e1n ser comunicados a: Administraci\u00f3n Tributaria; Bancos, Cajas de Ahorro y Cajas Rurales; Administraci\u00f3n P\u00fablica con competencia en la materia; Colegios de Arquitectos y Ayuntamientos.<\/p><p><strong>\u00bfCu\u00e1les son sus derechos cuando nos facilita sus datos?<\/strong><br \/>Cualquier persona tiene derecho a solicitar el acceso, rectificaci\u00f3n, supresi\u00f3n, limitaci\u00f3n del tratamiento, oposici\u00f3n o derecho a la portabilidad de sus datos personales, escribi\u00e9ndonos a la direcci\u00f3n de nuestras oficinas, o enviando un correo electr\u00f3nico a salegiarkitektura@gmail.com, indicando el derecho que desea ejercer.<\/p><p>Tendr\u00e1 derecho igualmente a retirar el consentimiento prestado en cualquier momento. La retirada del consentimiento no afectar\u00e1 a la licitud del tratamiento efectuado antes de la retirada de dicho consentimiento.<br \/><br \/>Tiene derecho a presentar una reclamaci\u00f3n ante la autoridad de control si considera que pueden haber sido vulnerados sus derechos en lo concerniente a la protecci\u00f3n de sus datos personales.<\/p><p><em>SI ES UD. ASPIRANTE A TRABAJAR CON NOSOTROS<\/em><\/p><p><em>CL\u00c1USULA PARA CONSENTIMIENTO DE RECOGIDA DE DATOS<\/em><\/p><p><strong>\u00bfQui\u00e9n es el responsable de sus datos?<\/strong><br \/>De acuerdo con lo establecido por el Reglamento (UE) 2016\/679 del Parlamento Europeo y del Consejo, le informamos que los datos personales aportados ser\u00e1n tratados por BIZKARGI SL con CIF: A31073851 en Calle JUAN ALBISU 4, Bajo 20302 IRUN (Gipuzkoa).<\/p><p><strong>\u00bfCon qu\u00e9 finalidad tratamos sus datos personales?<\/strong><br \/>Los datos aportados por usted son necesarios para poder prestarle con todas las garant\u00edas el servicio solicitado, y ser\u00e1n tratados con las siguientes finalidades: Recursos humanos.<\/p><p><strong>\u00bfPor cu\u00e1nto tiempo conservaremos sus datos?<\/strong><br \/>Sus datos ser\u00e1n conservados mientras exista previsi\u00f3n legal que haga necesario su almacenamiento.<\/p><p><strong>\u00bfCu\u00e1l es la legitimaci\u00f3n para el tratamiento de sus datos?<\/strong><br \/>La oferta de prestaci\u00f3n de servicios est\u00e1 basada en el consentimiento que se le solicita.<\/p><p><strong>\u00bfA qu\u00e9 destinatarios se comunicar\u00e1n sus datos?<\/strong><br \/>Sus datos no se ceder\u00e1n a terceros salvo obligaci\u00f3n legal.<\/p><p><strong>\u00bfCu\u00e1les son sus derechos cuando nos facilita sus datos?<\/strong><br \/>Cualquier persona tiene derecho a solicitar el acceso, rectificaci\u00f3n, supresi\u00f3n, limitaci\u00f3n del tratamiento, oposici\u00f3n o derecho a la portabilidad de sus datos personales, escribi\u00e9ndonos a la direcci\u00f3n de nuestras oficinas, o enviando un correo electr\u00f3nico a salegiarkitektura@gmail.com, indicando el derecho que desea ejercer.<\/p><p>Tendr\u00e1 derecho igualmente a retirar el consentimiento prestado en cualquier momento. La retirada del consentimiento no afectar\u00e1 a la licitud del tratamiento efectuado antes de la retirada de dicho consentimiento.<\/p><p>Tiene derecho a presentar una reclamaci\u00f3n ante la autoridad de control si considera que pueden haber sido vulnerados sus derechos en lo concerniente a la protecci\u00f3n de sus datos personales.<\/p><p><em>SI UD. NOS CONTACTA POR CORREO ELECTR\u00d3NICO<\/em><\/p><p><em>CL\u00c1USULA PARA CONSENTIMIENTO DE RECOGIDA DE DATOS<\/em><\/p><p><strong>\u00bfQui\u00e9n es el responsable de sus datos?<\/strong><br \/>De acuerdo con lo establecido por el Reglamento (UE) 2016\/679 del Parlamento Europeo y del Consejo, le informamos que los datos personales aportados ser\u00e1n tratados por BIZKARGI SL con CIF: A31073851 en Calle JUAN ALBISU 4, Bajo 20302 IRUN (Gipuzkoa).<\/p><p><strong>\u00bfCon qu\u00e9 finalidad tratamos sus datos personales?<\/strong><br \/>Los datos aportados por usted son necesarios para poder prestarle con todas las garant\u00edas el servicio solicitado, y ser\u00e1n tratados con las siguientes finalidades: gesti\u00f3n de los datos de contacto para las comunicaciones.<\/p><p><strong>\u00bfPor cu\u00e1nto tiempo conservaremos sus datos?<\/strong><br \/>Los datos personales proporcionados se conservar\u00e1n mientras se prevea que pueden ser necesarios para contactar con el interesado.<\/p><p><strong>\u00bfCu\u00e1l es la legitimaci\u00f3n para el tratamiento de sus datos?<\/strong><br \/>La base legal para el tratamiento de sus datos es el consentimiento del interesado al proporcionar sus datos de contacto.<\/p><p><strong>\u00bfA qu\u00e9 destinatarios se comunicar\u00e1n sus datos?<\/strong><br \/>Sus datos no se ceder\u00e1n a terceros salvo obligaci\u00f3n legal.<\/p><p><strong>\u00bfCu\u00e1les son sus derechos cuando nos facilita sus datos?<\/strong><br \/>Cualquier persona tiene derecho a solicitar el acceso, rectificaci\u00f3n, supresi\u00f3n, limitaci\u00f3n del tratamiento, oposici\u00f3n o derecho a la portabilidad de sus datos personales, escribi\u00e9ndonos a la direcci\u00f3n de nuestras oficinas, o enviando un correo electr\u00f3nico a salegiarkitektura@gmail.com, indicando el derecho que desea ejercer.<\/p><p>Tendr\u00e1 derecho igualmente a retirar el consentimiento prestado en cualquier momento. La retirada del consentimiento no afectar\u00e1 a la licitud del tratamiento efectuado antes de la retirada de dicho consentimiento.<\/p><p>Tiene derecho a presentar una reclamaci\u00f3n ante la autoridad de control si considera que pueden haber sido vulnerados sus derechos en lo concerniente a la protecci\u00f3n de sus datos personales.<\/p>\t\t\t\t\t\t\t\t<\/div>\n\t\t\t\t\t<\/div>\n\t\t<\/div>\n\t\t\t\t\t<\/div>\n\t\t<\/section>\n\t\t\t\t\t<\/div>\n\t\t<\/div>\n\t\t\t\t\t<\/div>\n\t\t<\/section>\n\t\t\t\t<\/div>\n\t\t","protected":false},"excerpt":{"rendered":"<p>SI ES UD. CLIENTE CL\u00c1USULA PARA EL CONSENTIMIENTO DE RECOGIDA DE DATOS \u00bfQui\u00e9n es el responsable de sus datos?De acuerdo con lo establecido por el Reglamento (UE) 2016\/679 del Parlamento Europeo y del Consejo, le informamos que los datos personales aportados ser\u00e1n tratados por BIZKARGI SL con CIF: A31073851 en CALLE JUAN ALBISU 4, Bajo [&hellip;]<\/p>\n","protected":false},"author":2,"featured_media":0,"parent":0,"menu_order":0,"comment_status":"closed","ping_status":"closed","template":"tpl-default-elementor.php","meta":{"footnotes":""},"class_list":["post-16984","page","type-page","status-publish","hentry"],"yoast_head":"<!-- This site is optimized with the Yoast SEO plugin v27.6 - https:\/\/yoast.com\/product\/yoast-seo-wordpress\/ -->\n<title>Pribatutasun politika - Estudio Arquitectura y urbanismo Salegi<\/title>\n<meta name=\"robots\" content=\"index, follow, max-snippet:-1, max-image-preview:large, max-video-preview:-1\" \/>\n<link rel=\"canonical\" href=\"https:\/\/salegiark.com\/eu\/pribatutasun-politika\/\" \/>\n<meta property=\"og:locale\" content=\"en_US\" \/>\n<meta property=\"og:type\" content=\"article\" \/>\n<meta property=\"og:title\" content=\"Pribatutasun politika - Estudio Arquitectura y urbanismo Salegi\" \/>\n<meta property=\"og:description\" content=\"SI ES UD. CLIENTE CL\u00c1USULA PARA EL CONSENTIMIENTO DE RECOGIDA DE DATOS \u00bfQui\u00e9n es el responsable de sus datos?De acuerdo con lo establecido por el Reglamento (UE) 2016\/679 del Parlamento Europeo y del Consejo, le informamos que los datos personales aportados ser\u00e1n tratados por BIZKARGI SL con CIF: A31073851 en CALLE JUAN ALBISU 4, Bajo [&hellip;]\" \/>\n<meta property=\"og:url\" content=\"https:\/\/salegiark.com\/eu\/pribatutasun-politika\/\" \/>\n<meta property=\"og:site_name\" content=\"Estudio Arquitectura y urbanismo Salegi\" \/>\n<meta property=\"article:modified_time\" content=\"2026-02-27T12:55:34+00:00\" \/>\n<meta name=\"twitter:card\" content=\"summary_large_image\" \/>\n<meta name=\"twitter:label1\" content=\"Est. reading time\" \/>\n\t<meta name=\"twitter:data1\" content=\"5 minutua\" \/>\n<script type=\"application\/ld+json\" class=\"yoast-schema-graph\">{\"@context\":\"https:\\\/\\\/schema.org\",\"@graph\":[{\"@type\":\"WebPage\",\"@id\":\"https:\\\/\\\/salegiark.com\\\/eu\\\/pribatutasun-politika\\\/\",\"url\":\"https:\\\/\\\/salegiark.com\\\/eu\\\/pribatutasun-politika\\\/\",\"name\":\"Pribatutasun politika - Estudio Arquitectura y urbanismo Salegi\",\"isPartOf\":{\"@id\":\"https:\\\/\\\/salegiark.com\\\/eu\\\/#website\"},\"datePublished\":\"2026-01-21T16:11:39+00:00\",\"dateModified\":\"2026-02-27T12:55:34+00:00\",\"breadcrumb\":{\"@id\":\"https:\\\/\\\/salegiark.com\\\/eu\\\/pribatutasun-politika\\\/#breadcrumb\"},\"inLanguage\":\"eu\",\"potentialAction\":[{\"@type\":\"ReadAction\",\"target\":[\"https:\\\/\\\/salegiark.com\\\/eu\\\/pribatutasun-politika\\\/\"]}]},{\"@type\":\"BreadcrumbList\",\"@id\":\"https:\\\/\\\/salegiark.com\\\/eu\\\/pribatutasun-politika\\\/#breadcrumb\",\"itemListElement\":[{\"@type\":\"ListItem\",\"position\":1,\"name\":\"Portada\",\"item\":\"https:\\\/\\\/salegiark.com\\\/eu\\\/\"},{\"@type\":\"ListItem\",\"position\":2,\"name\":\"Pribatutasun politika\"}]},{\"@type\":\"WebSite\",\"@id\":\"https:\\\/\\\/salegiark.com\\\/eu\\\/#website\",\"url\":\"https:\\\/\\\/salegiark.com\\\/eu\\\/\",\"name\":\"Estudio Arquitectura y urbanismo Salegi\",\"description\":\"Arquitectura y urbanismo. Proyectos funcionales y sostenibles.\",\"publisher\":{\"@id\":\"https:\\\/\\\/salegiark.com\\\/eu\\\/#organization\"},\"potentialAction\":[{\"@type\":\"SearchAction\",\"target\":{\"@type\":\"EntryPoint\",\"urlTemplate\":\"https:\\\/\\\/salegiark.com\\\/eu\\\/?s={search_term_string}\"},\"query-input\":{\"@type\":\"PropertyValueSpecification\",\"valueRequired\":true,\"valueName\":\"search_term_string\"}}],\"inLanguage\":\"eu\"},{\"@type\":\"Organization\",\"@id\":\"https:\\\/\\\/salegiark.com\\\/eu\\\/#organization\",\"name\":\"Estudio Arquitectura y urbanismo Salegi\",\"url\":\"https:\\\/\\\/salegiark.com\\\/eu\\\/\",\"logo\":{\"@type\":\"ImageObject\",\"inLanguage\":\"eu\",\"@id\":\"https:\\\/\\\/salegiark.com\\\/eu\\\/#\\\/schema\\\/logo\\\/image\\\/\",\"url\":\"https:\\\/\\\/salegiark.com\\\/wp-content\\\/uploads\\\/2026\\\/01\\\/cropped-Logo-Salegui-Arquitecto-Footer.png\",\"contentUrl\":\"https:\\\/\\\/salegiark.com\\\/wp-content\\\/uploads\\\/2026\\\/01\\\/cropped-Logo-Salegui-Arquitecto-Footer.png\",\"width\":647,\"height\":250,\"caption\":\"Estudio Arquitectura y urbanismo Salegi\"},\"image\":{\"@id\":\"https:\\\/\\\/salegiark.com\\\/eu\\\/#\\\/schema\\\/logo\\\/image\\\/\"}}]}<\/script>\n<!-- \/ Yoast SEO plugin. -->","yoast_head_json":{"title":"Pribatutasun politika - Estudio Arquitectura y urbanismo Salegi","robots":{"index":"index","follow":"follow","max-snippet":"max-snippet:-1","max-image-preview":"max-image-preview:large","max-video-preview":"max-video-preview:-1"},"canonical":"https:\/\/salegiark.com\/eu\/pribatutasun-politika\/","og_locale":"en_US","og_type":"article","og_title":"Pribatutasun politika - Estudio Arquitectura y urbanismo Salegi","og_description":"SI ES UD. CLIENTE CL\u00c1USULA PARA EL CONSENTIMIENTO DE RECOGIDA DE DATOS \u00bfQui\u00e9n es el responsable de sus datos?De acuerdo con lo establecido por el Reglamento (UE) 2016\/679 del Parlamento Europeo y del Consejo, le informamos que los datos personales aportados ser\u00e1n tratados por BIZKARGI SL con CIF: A31073851 en CALLE JUAN ALBISU 4, Bajo [&hellip;]","og_url":"https:\/\/salegiark.com\/eu\/pribatutasun-politika\/","og_site_name":"Estudio Arquitectura y urbanismo Salegi","article_modified_time":"2026-02-27T12:55:34+00:00","twitter_card":"summary_large_image","twitter_misc":{"Est. reading time":"5 minutua"},"schema":{"@context":"https:\/\/schema.org","@graph":[{"@type":"WebPage","@id":"https:\/\/salegiark.com\/eu\/pribatutasun-politika\/","url":"https:\/\/salegiark.com\/eu\/pribatutasun-politika\/","name":"Pribatutasun politika - Estudio Arquitectura y urbanismo Salegi","isPartOf":{"@id":"https:\/\/salegiark.com\/eu\/#website"},"datePublished":"2026-01-21T16:11:39+00:00","dateModified":"2026-02-27T12:55:34+00:00","breadcrumb":{"@id":"https:\/\/salegiark.com\/eu\/pribatutasun-politika\/#breadcrumb"},"inLanguage":"eu","potentialAction":[{"@type":"ReadAction","target":["https:\/\/salegiark.com\/eu\/pribatutasun-politika\/"]}]},{"@type":"BreadcrumbList","@id":"https:\/\/salegiark.com\/eu\/pribatutasun-politika\/#breadcrumb","itemListElement":[{"@type":"ListItem","position":1,"name":"Portada","item":"https:\/\/salegiark.com\/eu\/"},{"@type":"ListItem","position":2,"name":"Pribatutasun politika"}]},{"@type":"WebSite","@id":"https:\/\/salegiark.com\/eu\/#website","url":"https:\/\/salegiark.com\/eu\/","name":"Estudio Arquitectura y urbanismo Salegi","description":"Arquitectura y urbanismo. Proyectos funcionales y sostenibles.","publisher":{"@id":"https:\/\/salegiark.com\/eu\/#organization"},"potentialAction":[{"@type":"SearchAction","target":{"@type":"EntryPoint","urlTemplate":"https:\/\/salegiark.com\/eu\/?s={search_term_string}"},"query-input":{"@type":"PropertyValueSpecification","valueRequired":true,"valueName":"search_term_string"}}],"inLanguage":"eu"},{"@type":"Organization","@id":"https:\/\/salegiark.com\/eu\/#organization","name":"Estudio Arquitectura y urbanismo Salegi","url":"https:\/\/salegiark.com\/eu\/","logo":{"@type":"ImageObject","inLanguage":"eu","@id":"https:\/\/salegiark.com\/eu\/#\/schema\/logo\/image\/","url":"https:\/\/salegiark.com\/wp-content\/uploads\/2026\/01\/cropped-Logo-Salegui-Arquitecto-Footer.png","contentUrl":"https:\/\/salegiark.com\/wp-content\/uploads\/2026\/01\/cropped-Logo-Salegui-Arquitecto-Footer.png","width":647,"height":250,"caption":"Estudio Arquitectura y urbanismo Salegi"},"image":{"@id":"https:\/\/salegiark.com\/eu\/#\/schema\/logo\/image\/"}}]}},"_links":{"self":[{"href":"https:\/\/salegiark.com\/eu\/wp-json\/wp\/v2\/pages\/16984","targetHints":{"allow":["GET"]}}],"collection":[{"href":"https:\/\/salegiark.com\/eu\/wp-json\/wp\/v2\/pages"}],"about":[{"href":"https:\/\/salegiark.com\/eu\/wp-json\/wp\/v2\/types\/page"}],"author":[{"embeddable":true,"href":"https:\/\/salegiark.com\/eu\/wp-json\/wp\/v2\/users\/2"}],"replies":[{"embeddable":true,"href":"https:\/\/salegiark.com\/eu\/wp-json\/wp\/v2\/comments?post=16984"}],"version-history":[{"count":4,"href":"https:\/\/salegiark.com\/eu\/wp-json\/wp\/v2\/pages\/16984\/revisions"}],"predecessor-version":[{"id":17187,"href":"https:\/\/salegiark.com\/eu\/wp-json\/wp\/v2\/pages\/16984\/revisions\/17187"}],"wp:attachment":[{"href":"https:\/\/salegiark.com\/eu\/wp-json\/wp\/v2\/media?parent=16984"}],"curies":[{"name":"wp","href":"https:\/\/api.w.org\/{rel}","templated":true}]}}